{"id":125,"date":"2015-01-12T02:58:52","date_gmt":"2015-01-12T02:58:52","guid":{"rendered":"http:\/\/fundacionmoroni.org\/web\/?page_id=125"},"modified":"2017-12-07T19:09:26","modified_gmt":"2017-12-07T19:09:26","slug":"ubicacion-fundacion","status":"publish","type":"page","link":"https:\/\/fundacionmoroni.org\/web\/contactenos\/ubicacion-fundacion\/","title":{"rendered":"Donde Encontrarnos"},"content":{"rendered":"<h3>Hogar de Paso Abish<\/h3>\n<p>El Hogar de Paso Abish se encuentra ubicado en la zona campestre de la ciudad de Duitama, Boyac\u00e1, Colombia.<\/p>\n<p><strong>Direcci\u00f3n:<\/strong> Vereda la pradera &#8211; Sector la Esperanza<br \/>\n<strong>Apartado A\u00e9reo:<\/strong> 028 &#8211; Calle 16 No. 14 &#8211; 52<br \/>\n<strong>Director General:<\/strong> Jos\u00e9 Iv\u00e1n Casta\u00f1eda<br \/>\n<strong>Celular:<\/strong> (57) 316 490 8672 &#8211; (57) 311 514 6056 &#8211; (57) 300 225 4445<br \/>\n<strong>Email:<\/strong>\u00a0dialoguemos<i class=\"fa fa-at\" aria-hidden=\"true\"><\/i>fundacionmoroni.org<\/p>\n<div id=\"wpgmza_map\" class=\"wpgmza_map\" data-settings='{\"id\":\"1\",\"map_title\":\"FundacionMoroni\",\"map_width\":\"100\",\"map_height\":\"400\",\"map_start_lat\":\"5.826809\",\"map_start_lng\":\"-73.032810\",\"map_start_location\":\"5.826808999999996,-73.03281015940647\",\"map_start_zoom\":\"18\",\"default_marker\":\"0\",\"type\":\"2\",\"alignment\":\"2\",\"directions_enabled\":\"1\",\"styling_enabled\":\"0\",\"styling_json\":\"\",\"active\":\"0\",\"kml\":\"\",\"bicycle\":\"1\",\"traffic\":\"1\",\"dbox\":\"1\",\"dbox_width\":\"250\",\"listmarkers\":\"0\",\"listmarkers_advanced\":\"0\",\"filterbycat\":\"0\",\"ugm_enabled\":\"0\",\"ugm_category_enabled\":\"0\",\"fusion\":\"\",\"map_width_type\":\"\\\\%\",\"map_height_type\":\"px\",\"mass_marker_support\":\"1\",\"ugm_access\":\"0\",\"order_markers_by\":\"1\",\"order_markers_choice\":\"2\",\"show_user_location\":\"0\",\"default_to\":\"\",\"other_settings\":{\"store_locator_enabled\":2,\"store_locator_distance\":2,\"store_locator_bounce\":1,\"store_locator_query_string\":\"ZIP \\\/ Address:\",\"wpgmza_store_locator_restrict\":\"CO\",\"map_max_zoom\":\"12\",\"transport_layer\":1,\"wpgmza_theme_data\":\"[{\\\\\\\"featureType\\\\\\\": \\\\\\\"administrative\\\\\\\",\\\\\\\"elementType\\\\\\\": \\\\\\\"labels.text.fill\\\\\\\",\\\\\\\"stylers\\\\\\\": [{\\\\\\\"color\\\\\\\": \\\\\\\"#444444\\\\\\\"}]},{\\\\\\\"featureType\\\\\\\": \\\\\\\"landscape\\\\\\\",\\\\\\\"elementType\\\\\\\": \\\\\\\"all\\\\\\\",\\\\\\\"stylers\\\\\\\": [{\\\\\\\"color\\\\\\\": \\\\\\\"#f2f2f2\\\\\\\"}]},{\\\\\\\"featureType\\\\\\\": \\\\\\\"poi\\\\\\\",\\\\\\\"elementType\\\\\\\": \\\\\\\"all\\\\\\\",\\\\\\\"stylers\\\\\\\": [{\\\\\\\"visibility\\\\\\\": \\\\\\\"off\\\\\\\"}]},{\\\\\\\"featureType\\\\\\\": \\\\\\\"road\\\\\\\",\\\\\\\"elementType\\\\\\\": \\\\\\\"all\\\\\\\",\\\\\\\"stylers\\\\\\\": [{\\\\\\\"saturation\\\\\\\": -100},{\\\\\\\"lightness\\\\\\\": 45}]},{\\\\\\\"featureType\\\\\\\": \\\\\\\"road.highway\\\\\\\",\\\\\\\"elementType\\\\\\\": \\\\\\\"all\\\\\\\",\\\\\\\"stylers\\\\\\\": [{\\\\\\\"visibility\\\\\\\": \\\\\\\"simplified\\\\\\\"}]},{\\\\\\\"featureType\\\\\\\": \\\\\\\"road.arterial\\\\\\\",\\\\\\\"elementType\\\\\\\": \\\\\\\"labels.icon\\\\\\\",\\\\\\\"stylers\\\\\\\": [{\\\\\\\"visibility\\\\\\\": \\\\\\\"off\\\\\\\"}]},{\\\\\\\"featureType\\\\\\\": \\\\\\\"transit\\\\\\\",\\\\\\\"elementType\\\\\\\": \\\\\\\"all\\\\\\\",\\\\\\\"stylers\\\\\\\": [{\\\\\\\"visibility\\\\\\\": \\\\\\\"off\\\\\\\"}]},{\\\\\\\"featureType\\\\\\\": \\\\\\\"water\\\\\\\",\\\\\\\"elementType\\\\\\\": \\\\\\\"all\\\\\\\",\\\\\\\"stylers\\\\\\\": [{\\\\\\\"color\\\\\\\": \\\\\\\"#46bcec\\\\\\\"},{\\\\\\\"visibility\\\\\\\": \\\\\\\"on\\\\\\\"}]}]\",\"wpgmza_theme_selection\":1}}' data-map-id='1' Data-maps-engine='google-maps' data-shortcode-attributes='{\"id\":\"1\"}' style=\"display:block; overflow:auto; width:100%; height:400px; float:left;\"><\/div>\n","protected":false},"excerpt":{"rendered":"<p>Hogar de Paso Abish El Hogar de Paso Abish se encuentra ubicado en la zona campestre de la ciudad de Duitama, Boyac\u00e1, Colombia. Direcci\u00f3n: Vereda la pradera &#8211; Sector la Esperanza Apartado A\u00e9reo: 028 &#8211; Calle 16 No. 14 &#8211;<\/p>\n","protected":false},"author":1,"featured_media":0,"parent":35,"menu_order":3,"comment_status":"closed","ping_status":"closed","template":"","meta":{"jetpack_post_was_ever_published":false,"footnotes":""},"class_list":["post-125","page","type-page","status-publish","hentry"],"yoast_head":"<!-- This site is optimized with the Yoast SEO plugin v27.4 - https:\/\/yoast.com\/product\/yoast-seo-wordpress\/ -->\n<title>Donde Encontrarnos - Fundaci\u00f3n Moroni<\/title>\n<meta name=\"robots\" content=\"index, follow, max-snippet:-1, max-image-preview:large, max-video-preview:-1\" \/>\n<link rel=\"canonical\" href=\"https:\/\/fundacionmoroni.org\/web\/contactenos\/ubicacion-fundacion\/\" \/>\n<meta property=\"og:locale\" content=\"en_US\" \/>\n<meta property=\"og:type\" content=\"article\" \/>\n<meta property=\"og:title\" content=\"Donde Encontrarnos - Fundaci\u00f3n Moroni\" \/>\n<meta property=\"og:description\" content=\"Hogar de Paso Abish El Hogar de Paso Abish se encuentra ubicado en la zona campestre de la ciudad de Duitama, Boyac\u00e1, Colombia. Direcci\u00f3n: Vereda la pradera &#8211; Sector la Esperanza Apartado A\u00e9reo: 028 &#8211; Calle 16 No. 14 &#8211;\" \/>\n<meta property=\"og:url\" content=\"https:\/\/fundacionmoroni.org\/web\/contactenos\/ubicacion-fundacion\/\" \/>\n<meta property=\"og:site_name\" content=\"Fundaci\u00f3n Moroni\" \/>\n<meta property=\"article:modified_time\" content=\"2017-12-07T19:09:26+00:00\" \/>\n<meta name=\"twitter:card\" content=\"summary_large_image\" \/>\n<script type=\"application\/ld+json\" class=\"yoast-schema-graph\">{\"@context\":\"https:\\\/\\\/schema.org\",\"@graph\":[{\"@type\":\"WebPage\",\"@id\":\"https:\\\/\\\/fundacionmoroni.org\\\/web\\\/contactenos\\\/ubicacion-fundacion\\\/\",\"url\":\"https:\\\/\\\/fundacionmoroni.org\\\/web\\\/contactenos\\\/ubicacion-fundacion\\\/\",\"name\":\"Donde Encontrarnos - Fundaci\u00f3n Moroni\",\"isPartOf\":{\"@id\":\"https:\\\/\\\/fundacionmoroni.org\\\/web\\\/#website\"},\"datePublished\":\"2015-01-12T02:58:52+00:00\",\"dateModified\":\"2017-12-07T19:09:26+00:00\",\"breadcrumb\":{\"@id\":\"https:\\\/\\\/fundacionmoroni.org\\\/web\\\/contactenos\\\/ubicacion-fundacion\\\/#breadcrumb\"},\"inLanguage\":\"en-US\",\"potentialAction\":[{\"@type\":\"ReadAction\",\"target\":[\"https:\\\/\\\/fundacionmoroni.org\\\/web\\\/contactenos\\\/ubicacion-fundacion\\\/\"]}]},{\"@type\":\"BreadcrumbList\",\"@id\":\"https:\\\/\\\/fundacionmoroni.org\\\/web\\\/contactenos\\\/ubicacion-fundacion\\\/#breadcrumb\",\"itemListElement\":[{\"@type\":\"ListItem\",\"position\":1,\"name\":\"Home\",\"item\":\"https:\\\/\\\/fundacionmoroni.org\\\/web\\\/\"},{\"@type\":\"ListItem\",\"position\":2,\"name\":\"Cont\u00e1ctenos\",\"item\":\"https:\\\/\\\/fundacionmoroni.org\\\/web\\\/contactenos\\\/\"},{\"@type\":\"ListItem\",\"position\":3,\"name\":\"Donde Encontrarnos\"}]},{\"@type\":\"WebSite\",\"@id\":\"https:\\\/\\\/fundacionmoroni.org\\\/web\\\/#website\",\"url\":\"https:\\\/\\\/fundacionmoroni.org\\\/web\\\/\",\"name\":\"Fundaci\u00f3n Moroni\",\"description\":\"Porque la vida vale la pena vivirla y ser feliz\",\"potentialAction\":[{\"@type\":\"SearchAction\",\"target\":{\"@type\":\"EntryPoint\",\"urlTemplate\":\"https:\\\/\\\/fundacionmoroni.org\\\/web\\\/?s={search_term_string}\"},\"query-input\":{\"@type\":\"PropertyValueSpecification\",\"valueRequired\":true,\"valueName\":\"search_term_string\"}}],\"inLanguage\":\"en-US\"}]}<\/script>\n<!-- \/ Yoast SEO plugin. -->","yoast_head_json":{"title":"Donde Encontrarnos - Fundaci\u00f3n Moroni","robots":{"index":"index","follow":"follow","max-snippet":"max-snippet:-1","max-image-preview":"max-image-preview:large","max-video-preview":"max-video-preview:-1"},"canonical":"https:\/\/fundacionmoroni.org\/web\/contactenos\/ubicacion-fundacion\/","og_locale":"en_US","og_type":"article","og_title":"Donde Encontrarnos - Fundaci\u00f3n Moroni","og_description":"Hogar de Paso Abish El Hogar de Paso Abish se encuentra ubicado en la zona campestre de la ciudad de Duitama, Boyac\u00e1, Colombia. Direcci\u00f3n: Vereda la pradera &#8211; Sector la Esperanza Apartado A\u00e9reo: 028 &#8211; Calle 16 No. 14 &#8211;","og_url":"https:\/\/fundacionmoroni.org\/web\/contactenos\/ubicacion-fundacion\/","og_site_name":"Fundaci\u00f3n Moroni","article_modified_time":"2017-12-07T19:09:26+00:00","twitter_card":"summary_large_image","schema":{"@context":"https:\/\/schema.org","@graph":[{"@type":"WebPage","@id":"https:\/\/fundacionmoroni.org\/web\/contactenos\/ubicacion-fundacion\/","url":"https:\/\/fundacionmoroni.org\/web\/contactenos\/ubicacion-fundacion\/","name":"Donde Encontrarnos - Fundaci\u00f3n Moroni","isPartOf":{"@id":"https:\/\/fundacionmoroni.org\/web\/#website"},"datePublished":"2015-01-12T02:58:52+00:00","dateModified":"2017-12-07T19:09:26+00:00","breadcrumb":{"@id":"https:\/\/fundacionmoroni.org\/web\/contactenos\/ubicacion-fundacion\/#breadcrumb"},"inLanguage":"en-US","potentialAction":[{"@type":"ReadAction","target":["https:\/\/fundacionmoroni.org\/web\/contactenos\/ubicacion-fundacion\/"]}]},{"@type":"BreadcrumbList","@id":"https:\/\/fundacionmoroni.org\/web\/contactenos\/ubicacion-fundacion\/#breadcrumb","itemListElement":[{"@type":"ListItem","position":1,"name":"Home","item":"https:\/\/fundacionmoroni.org\/web\/"},{"@type":"ListItem","position":2,"name":"Cont\u00e1ctenos","item":"https:\/\/fundacionmoroni.org\/web\/contactenos\/"},{"@type":"ListItem","position":3,"name":"Donde Encontrarnos"}]},{"@type":"WebSite","@id":"https:\/\/fundacionmoroni.org\/web\/#website","url":"https:\/\/fundacionmoroni.org\/web\/","name":"Fundaci\u00f3n Moroni","description":"Porque la vida vale la pena vivirla y ser feliz","potentialAction":[{"@type":"SearchAction","target":{"@type":"EntryPoint","urlTemplate":"https:\/\/fundacionmoroni.org\/web\/?s={search_term_string}"},"query-input":{"@type":"PropertyValueSpecification","valueRequired":true,"valueName":"search_term_string"}}],"inLanguage":"en-US"}]}},"jetpack_sharing_enabled":true,"jetpack_shortlink":"https:\/\/wp.me\/P5ANil-21","_links":{"self":[{"href":"https:\/\/fundacionmoroni.org\/web\/wp-json\/wp\/v2\/pages\/125","targetHints":{"allow":["GET"]}}],"collection":[{"href":"https:\/\/fundacionmoroni.org\/web\/wp-json\/wp\/v2\/pages"}],"about":[{"href":"https:\/\/fundacionmoroni.org\/web\/wp-json\/wp\/v2\/types\/page"}],"author":[{"embeddable":true,"href":"https:\/\/fundacionmoroni.org\/web\/wp-json\/wp\/v2\/users\/1"}],"replies":[{"embeddable":true,"href":"https:\/\/fundacionmoroni.org\/web\/wp-json\/wp\/v2\/comments?post=125"}],"version-history":[{"count":1,"href":"https:\/\/fundacionmoroni.org\/web\/wp-json\/wp\/v2\/pages\/125\/revisions"}],"predecessor-version":[{"id":281,"href":"https:\/\/fundacionmoroni.org\/web\/wp-json\/wp\/v2\/pages\/125\/revisions\/281"}],"up":[{"embeddable":true,"href":"https:\/\/fundacionmoroni.org\/web\/wp-json\/wp\/v2\/pages\/35"}],"wp:attachment":[{"href":"https:\/\/fundacionmoroni.org\/web\/wp-json\/wp\/v2\/media?parent=125"}],"curies":[{"name":"wp","href":"https:\/\/api.w.org\/{rel}","templated":true}]}}