{"id":17,"date":"2015-01-10T17:07:39","date_gmt":"2015-01-10T17:07:39","guid":{"rendered":"http:\/\/fundacionmoroni.org\/web\/?page_id=17"},"modified":"2017-12-07T18:39:17","modified_gmt":"2017-12-07T18:39:17","slug":"la-fundacion-moroni-mvya","status":"publish","type":"page","link":"https:\/\/fundacionmoroni.org\/web\/la-fundacion-moroni\/la-fundacion-moroni-mvya\/","title":{"rendered":"La Fundaci\u00f3n Moroni"},"content":{"rendered":"<h2>Misi\u00f3n<\/h2>\n<hr \/>\n<h2><\/h2>\n<p>Apoyar el desarrollo integral del ser humano y junto con las instituciones privadas y de gobierno trabajar en la reinserci\u00f3n a la sociedad de las personas con problemas de adicci\u00f3n y\/o malos comportamientos, para reducir el flagelo de las adicciones y las problem\u00e1ticas asociadas a ellas.<\/p>\n<h2>Visi\u00f3n<\/h2>\n<hr \/>\n<h2><\/h2>\n<p>Cubrir el territorio colombiano con centros de atenci\u00f3n a las personas afectadas por el flagelo de las drogas incursionando en el entorno social institucional y familiar para interactuar desde el proceso de prevenci\u00f3n hasta la terapia al residente, fortaleciendo el car\u00e1cter desde los diferentes par\u00e1metros (identidad, confianza, compromiso, industriosidad, generatividad, autonom\u00eda, iniciativa, disciplina, liderazgo, intimidad, trascendencia, lealtad, visi\u00f3n, principios y valores), para que la persona descubra la felicidad dentro de s\u00ed y pueda encausarla en forma productiva.<\/p>\n<h2>Acci\u00f3n<\/h2>\n<hr \/>\n<h2><\/h2>\n<p>Con su irremplazable aporte desde su saber terap\u00e9utico, psicol\u00f3gico y pedag\u00f3gico fortalecer al individuo en su car\u00e1cter con distintas capacidades, por medio de las diferentes terapias a desarrollar en la fundaci\u00f3n. Y que su proyecto de vida este encaminado a llevar una calidad de vida acorde con su expectativas y las de su n\u00facleo familiar.<\/p>\n<p>La Fundaci\u00f3n Moroni Ofrece los servicios de internado y semi-internado, con un programa de resocializaci\u00f3n, apoyo a personas con necesidades de educaci\u00f3n especial y acompa\u00f1amiento a sus familias.<\/p>\n<hr \/>\n<p>&nbsp;<\/p>\n","protected":false},"excerpt":{"rendered":"<p>Misi\u00f3n Apoyar el desarrollo integral del ser humano y junto con las instituciones privadas y de gobierno trabajar en la reinserci\u00f3n a la sociedad de las personas con problemas de adicci\u00f3n y\/o malos comportamientos, para reducir el flagelo de las<\/p>\n","protected":false},"author":1,"featured_media":0,"parent":23,"menu_order":1,"comment_status":"closed","ping_status":"closed","template":"","meta":{"jetpack_post_was_ever_published":false,"footnotes":""},"class_list":["post-17","page","type-page","status-publish","hentry"],"yoast_head":"<!-- This site is optimized with the Yoast SEO plugin v27.4 - https:\/\/yoast.com\/product\/yoast-seo-wordpress\/ -->\n<title>La Fundaci\u00f3n Moroni - Fundaci\u00f3n Moroni<\/title>\n<meta name=\"robots\" content=\"index, follow, max-snippet:-1, max-image-preview:large, max-video-preview:-1\" \/>\n<link rel=\"canonical\" href=\"https:\/\/fundacionmoroni.org\/web\/la-fundacion-moroni\/la-fundacion-moroni-mvya\/\" \/>\n<meta property=\"og:locale\" content=\"en_US\" \/>\n<meta property=\"og:type\" content=\"article\" \/>\n<meta property=\"og:title\" content=\"La Fundaci\u00f3n Moroni - Fundaci\u00f3n Moroni\" \/>\n<meta property=\"og:description\" content=\"Misi\u00f3n Apoyar el desarrollo integral del ser humano y junto con las instituciones privadas y de gobierno trabajar en la reinserci\u00f3n a la sociedad de las personas con problemas de adicci\u00f3n y\/o malos comportamientos, para reducir el flagelo de las\" \/>\n<meta property=\"og:url\" content=\"https:\/\/fundacionmoroni.org\/web\/la-fundacion-moroni\/la-fundacion-moroni-mvya\/\" \/>\n<meta property=\"og:site_name\" content=\"Fundaci\u00f3n Moroni\" \/>\n<meta property=\"article:modified_time\" content=\"2017-12-07T18:39:17+00:00\" \/>\n<meta name=\"twitter:card\" content=\"summary_large_image\" \/>\n<meta name=\"twitter:label1\" content=\"Est. reading time\" \/>\n\t<meta name=\"twitter:data1\" content=\"1 minute\" \/>\n<script type=\"application\/ld+json\" class=\"yoast-schema-graph\">{\"@context\":\"https:\\\/\\\/schema.org\",\"@graph\":[{\"@type\":\"WebPage\",\"@id\":\"https:\\\/\\\/fundacionmoroni.org\\\/web\\\/la-fundacion-moroni\\\/la-fundacion-moroni-mvya\\\/\",\"url\":\"https:\\\/\\\/fundacionmoroni.org\\\/web\\\/la-fundacion-moroni\\\/la-fundacion-moroni-mvya\\\/\",\"name\":\"La Fundaci\u00f3n Moroni - Fundaci\u00f3n Moroni\",\"isPartOf\":{\"@id\":\"https:\\\/\\\/fundacionmoroni.org\\\/web\\\/#website\"},\"datePublished\":\"2015-01-10T17:07:39+00:00\",\"dateModified\":\"2017-12-07T18:39:17+00:00\",\"breadcrumb\":{\"@id\":\"https:\\\/\\\/fundacionmoroni.org\\\/web\\\/la-fundacion-moroni\\\/la-fundacion-moroni-mvya\\\/#breadcrumb\"},\"inLanguage\":\"en-US\",\"potentialAction\":[{\"@type\":\"ReadAction\",\"target\":[\"https:\\\/\\\/fundacionmoroni.org\\\/web\\\/la-fundacion-moroni\\\/la-fundacion-moroni-mvya\\\/\"]}]},{\"@type\":\"BreadcrumbList\",\"@id\":\"https:\\\/\\\/fundacionmoroni.org\\\/web\\\/la-fundacion-moroni\\\/la-fundacion-moroni-mvya\\\/#breadcrumb\",\"itemListElement\":[{\"@type\":\"ListItem\",\"position\":1,\"name\":\"Home\",\"item\":\"https:\\\/\\\/fundacionmoroni.org\\\/web\\\/\"},{\"@type\":\"ListItem\",\"position\":2,\"name\":\"La Fundaci\u00f3n Moroni\",\"item\":\"https:\\\/\\\/fundacionmoroni.org\\\/web\\\/la-fundacion-moroni\\\/\"},{\"@type\":\"ListItem\",\"position\":3,\"name\":\"La Fundaci\u00f3n Moroni\"}]},{\"@type\":\"WebSite\",\"@id\":\"https:\\\/\\\/fundacionmoroni.org\\\/web\\\/#website\",\"url\":\"https:\\\/\\\/fundacionmoroni.org\\\/web\\\/\",\"name\":\"Fundaci\u00f3n Moroni\",\"description\":\"Porque la vida vale la pena vivirla y ser feliz\",\"potentialAction\":[{\"@type\":\"SearchAction\",\"target\":{\"@type\":\"EntryPoint\",\"urlTemplate\":\"https:\\\/\\\/fundacionmoroni.org\\\/web\\\/?s={search_term_string}\"},\"query-input\":{\"@type\":\"PropertyValueSpecification\",\"valueRequired\":true,\"valueName\":\"search_term_string\"}}],\"inLanguage\":\"en-US\"}]}<\/script>\n<!-- \/ Yoast SEO plugin. -->","yoast_head_json":{"title":"La Fundaci\u00f3n Moroni - Fundaci\u00f3n Moroni","robots":{"index":"index","follow":"follow","max-snippet":"max-snippet:-1","max-image-preview":"max-image-preview:large","max-video-preview":"max-video-preview:-1"},"canonical":"https:\/\/fundacionmoroni.org\/web\/la-fundacion-moroni\/la-fundacion-moroni-mvya\/","og_locale":"en_US","og_type":"article","og_title":"La Fundaci\u00f3n Moroni - Fundaci\u00f3n Moroni","og_description":"Misi\u00f3n Apoyar el desarrollo integral del ser humano y junto con las instituciones privadas y de gobierno trabajar en la reinserci\u00f3n a la sociedad de las personas con problemas de adicci\u00f3n y\/o malos comportamientos, para reducir el flagelo de las","og_url":"https:\/\/fundacionmoroni.org\/web\/la-fundacion-moroni\/la-fundacion-moroni-mvya\/","og_site_name":"Fundaci\u00f3n Moroni","article_modified_time":"2017-12-07T18:39:17+00:00","twitter_card":"summary_large_image","twitter_misc":{"Est. reading time":"1 minute"},"schema":{"@context":"https:\/\/schema.org","@graph":[{"@type":"WebPage","@id":"https:\/\/fundacionmoroni.org\/web\/la-fundacion-moroni\/la-fundacion-moroni-mvya\/","url":"https:\/\/fundacionmoroni.org\/web\/la-fundacion-moroni\/la-fundacion-moroni-mvya\/","name":"La Fundaci\u00f3n Moroni - Fundaci\u00f3n Moroni","isPartOf":{"@id":"https:\/\/fundacionmoroni.org\/web\/#website"},"datePublished":"2015-01-10T17:07:39+00:00","dateModified":"2017-12-07T18:39:17+00:00","breadcrumb":{"@id":"https:\/\/fundacionmoroni.org\/web\/la-fundacion-moroni\/la-fundacion-moroni-mvya\/#breadcrumb"},"inLanguage":"en-US","potentialAction":[{"@type":"ReadAction","target":["https:\/\/fundacionmoroni.org\/web\/la-fundacion-moroni\/la-fundacion-moroni-mvya\/"]}]},{"@type":"BreadcrumbList","@id":"https:\/\/fundacionmoroni.org\/web\/la-fundacion-moroni\/la-fundacion-moroni-mvya\/#breadcrumb","itemListElement":[{"@type":"ListItem","position":1,"name":"Home","item":"https:\/\/fundacionmoroni.org\/web\/"},{"@type":"ListItem","position":2,"name":"La Fundaci\u00f3n Moroni","item":"https:\/\/fundacionmoroni.org\/web\/la-fundacion-moroni\/"},{"@type":"ListItem","position":3,"name":"La Fundaci\u00f3n Moroni"}]},{"@type":"WebSite","@id":"https:\/\/fundacionmoroni.org\/web\/#website","url":"https:\/\/fundacionmoroni.org\/web\/","name":"Fundaci\u00f3n Moroni","description":"Porque la vida vale la pena vivirla y ser feliz","potentialAction":[{"@type":"SearchAction","target":{"@type":"EntryPoint","urlTemplate":"https:\/\/fundacionmoroni.org\/web\/?s={search_term_string}"},"query-input":{"@type":"PropertyValueSpecification","valueRequired":true,"valueName":"search_term_string"}}],"inLanguage":"en-US"}]}},"jetpack_sharing_enabled":true,"jetpack_shortlink":"https:\/\/wp.me\/P5ANil-h","_links":{"self":[{"href":"https:\/\/fundacionmoroni.org\/web\/wp-json\/wp\/v2\/pages\/17","targetHints":{"allow":["GET"]}}],"collection":[{"href":"https:\/\/fundacionmoroni.org\/web\/wp-json\/wp\/v2\/pages"}],"about":[{"href":"https:\/\/fundacionmoroni.org\/web\/wp-json\/wp\/v2\/types\/page"}],"author":[{"embeddable":true,"href":"https:\/\/fundacionmoroni.org\/web\/wp-json\/wp\/v2\/users\/1"}],"replies":[{"embeddable":true,"href":"https:\/\/fundacionmoroni.org\/web\/wp-json\/wp\/v2\/comments?post=17"}],"version-history":[{"count":2,"href":"https:\/\/fundacionmoroni.org\/web\/wp-json\/wp\/v2\/pages\/17\/revisions"}],"predecessor-version":[{"id":245,"href":"https:\/\/fundacionmoroni.org\/web\/wp-json\/wp\/v2\/pages\/17\/revisions\/245"}],"up":[{"embeddable":true,"href":"https:\/\/fundacionmoroni.org\/web\/wp-json\/wp\/v2\/pages\/23"}],"wp:attachment":[{"href":"https:\/\/fundacionmoroni.org\/web\/wp-json\/wp\/v2\/media?parent=17"}],"curies":[{"name":"wp","href":"https:\/\/api.w.org\/{rel}","templated":true}]}}