{"id":41,"date":"2015-01-10T17:14:33","date_gmt":"2015-01-10T17:14:33","guid":{"rendered":"http:\/\/fundacionmoroni.org\/web\/?page_id=41"},"modified":"2015-01-12T06:15:44","modified_gmt":"2015-01-12T06:15:44","slug":"preguntenos","status":"publish","type":"page","link":"https:\/\/fundacionmoroni.org\/web\/contactenos\/preguntenos\/","title":{"rendered":"Preg\u00fantenos"},"content":{"rendered":"<h2>Queremos responderle<\/h2>\n<hr \/>\n<p>&nbsp;<\/p>\n<p>Para nosotros sus dudas e inquietudes son muy valiosas, preg\u00fantenos cualquier cosa que quiera saber de nuestra funcadi\u00f3n.<\/p>\n\n<div class=\"wpcf7 no-js\" id=\"wpcf7-f134-o1\" lang=\"es-ES\" dir=\"ltr\" data-wpcf7-id=\"134\">\n<div class=\"screen-reader-response\"><p role=\"status\" aria-live=\"polite\" aria-atomic=\"true\"><\/p> <ul><\/ul><\/div>\n<form action=\"\/web\/wp-json\/wp\/v2\/pages\/41#wpcf7-f134-o1\" method=\"post\" class=\"wpcf7-form init\" aria-label=\"Contact form\" novalidate=\"novalidate\" data-status=\"init\">\n<fieldset class=\"hidden-fields-container\"><input type=\"hidden\" name=\"_wpcf7\" value=\"134\" \/><input type=\"hidden\" name=\"_wpcf7_version\" value=\"6.1.5\" \/><input type=\"hidden\" name=\"_wpcf7_locale\" value=\"es_ES\" \/><input type=\"hidden\" name=\"_wpcf7_unit_tag\" value=\"wpcf7-f134-o1\" \/><input type=\"hidden\" name=\"_wpcf7_container_post\" value=\"0\" \/><input type=\"hidden\" name=\"_wpcf7_posted_data_hash\" value=\"\" \/>\n<\/fieldset>\n<p>Tu nombre (requerido)\n<\/p>\n<p><span class=\"wpcf7-form-control-wrap\" data-name=\"your-name\"><input size=\"40\" maxlength=\"400\" class=\"wpcf7-form-control wpcf7-text wpcf7-validates-as-required\" aria-required=\"true\" aria-invalid=\"false\" value=\"\" type=\"text\" name=\"your-name\" \/><\/span>\n<\/p>\n<p>Email (requerido)\n<\/p>\n<p><span class=\"wpcf7-form-control-wrap\" data-name=\"your-email\"><input size=\"40\" maxlength=\"400\" class=\"wpcf7-form-control wpcf7-email wpcf7-validates-as-required wpcf7-text wpcf7-validates-as-email\" aria-required=\"true\" aria-invalid=\"false\" value=\"\" type=\"email\" name=\"your-email\" \/><\/span>\n<\/p>\n<p>Asunto (requerido)\n<\/p>\n<p><span class=\"wpcf7-form-control-wrap\" data-name=\"your-subject\"><input size=\"40\" maxlength=\"400\" class=\"wpcf7-form-control wpcf7-text wpcf7-validates-as-required\" aria-required=\"true\" aria-invalid=\"false\" value=\"\" type=\"text\" name=\"your-subject\" \/><\/span>\n<\/p>\n<p>Preguntanos y te respondemos (requerido)\n<\/p>\n<p><span class=\"wpcf7-form-control-wrap\" data-name=\"your-message\"><textarea cols=\"40\" rows=\"10\" maxlength=\"2000\" class=\"wpcf7-form-control wpcf7-textarea wpcf7-validates-as-required\" aria-required=\"true\" aria-invalid=\"false\" name=\"your-message\"><\/textarea><\/span>\n<\/p>\n<p><input class=\"wpcf7-form-control wpcf7-submit has-spinner\" type=\"submit\" value=\"Enviar\" \/>\n<\/p><div class=\"wpcf7-response-output\" aria-hidden=\"true\"><\/div>\n<\/form>\n<\/div>\n\n","protected":false},"excerpt":{"rendered":"<p>Queremos responderle &nbsp; Para nosotros sus dudas e inquietudes son muy valiosas, preg\u00fantenos cualquier cosa que quiera saber de nuestra funcadi\u00f3n.<\/p>\n","protected":false},"author":1,"featured_media":109,"parent":35,"menu_order":0,"comment_status":"closed","ping_status":"closed","template":"page-templates\/contact.php","meta":{"jetpack_post_was_ever_published":false,"footnotes":""},"class_list":["post-41","page","type-page","status-publish","has-post-thumbnail","hentry"],"yoast_head":"<!-- This site is optimized with the Yoast SEO plugin v27.4 - https:\/\/yoast.com\/product\/yoast-seo-wordpress\/ -->\n<title>Preg\u00fantenos - Fundaci\u00f3n Moroni<\/title>\n<meta name=\"robots\" content=\"index, follow, max-snippet:-1, max-image-preview:large, max-video-preview:-1\" \/>\n<link rel=\"canonical\" href=\"https:\/\/fundacionmoroni.org\/web\/contactenos\/preguntenos\/\" \/>\n<meta property=\"og:locale\" content=\"en_US\" \/>\n<meta property=\"og:type\" content=\"article\" \/>\n<meta property=\"og:title\" content=\"Preg\u00fantenos - Fundaci\u00f3n Moroni\" \/>\n<meta property=\"og:description\" content=\"Queremos responderle &nbsp; Para nosotros sus dudas e inquietudes son muy valiosas, preg\u00fantenos cualquier cosa que quiera saber de nuestra funcadi\u00f3n.\" \/>\n<meta property=\"og:url\" content=\"https:\/\/fundacionmoroni.org\/web\/contactenos\/preguntenos\/\" \/>\n<meta property=\"og:site_name\" content=\"Fundaci\u00f3n Moroni\" \/>\n<meta property=\"article:modified_time\" content=\"2015-01-12T06:15:44+00:00\" \/>\n<meta property=\"og:image\" content=\"https:\/\/fundacionmoroni.org\/web\/wp-content\/uploads\/2015\/01\/chat_128px.png\" \/>\n\t<meta property=\"og:image:width\" content=\"128\" \/>\n\t<meta property=\"og:image:height\" content=\"128\" \/>\n\t<meta property=\"og:image:type\" content=\"image\/png\" \/>\n<meta name=\"twitter:card\" content=\"summary_large_image\" \/>\n<script type=\"application\/ld+json\" class=\"yoast-schema-graph\">{\"@context\":\"https:\\\/\\\/schema.org\",\"@graph\":[{\"@type\":\"WebPage\",\"@id\":\"https:\\\/\\\/fundacionmoroni.org\\\/web\\\/contactenos\\\/preguntenos\\\/\",\"url\":\"https:\\\/\\\/fundacionmoroni.org\\\/web\\\/contactenos\\\/preguntenos\\\/\",\"name\":\"Preg\u00fantenos - Fundaci\u00f3n Moroni\",\"isPartOf\":{\"@id\":\"https:\\\/\\\/fundacionmoroni.org\\\/web\\\/#website\"},\"primaryImageOfPage\":{\"@id\":\"https:\\\/\\\/fundacionmoroni.org\\\/web\\\/contactenos\\\/preguntenos\\\/#primaryimage\"},\"image\":{\"@id\":\"https:\\\/\\\/fundacionmoroni.org\\\/web\\\/contactenos\\\/preguntenos\\\/#primaryimage\"},\"thumbnailUrl\":\"https:\\\/\\\/fundacionmoroni.org\\\/web\\\/wp-content\\\/uploads\\\/2015\\\/01\\\/chat_128px.png\",\"datePublished\":\"2015-01-10T17:14:33+00:00\",\"dateModified\":\"2015-01-12T06:15:44+00:00\",\"breadcrumb\":{\"@id\":\"https:\\\/\\\/fundacionmoroni.org\\\/web\\\/contactenos\\\/preguntenos\\\/#breadcrumb\"},\"inLanguage\":\"en-US\",\"potentialAction\":[{\"@type\":\"ReadAction\",\"target\":[\"https:\\\/\\\/fundacionmoroni.org\\\/web\\\/contactenos\\\/preguntenos\\\/\"]}]},{\"@type\":\"ImageObject\",\"inLanguage\":\"en-US\",\"@id\":\"https:\\\/\\\/fundacionmoroni.org\\\/web\\\/contactenos\\\/preguntenos\\\/#primaryimage\",\"url\":\"https:\\\/\\\/fundacionmoroni.org\\\/web\\\/wp-content\\\/uploads\\\/2015\\\/01\\\/chat_128px.png\",\"contentUrl\":\"https:\\\/\\\/fundacionmoroni.org\\\/web\\\/wp-content\\\/uploads\\\/2015\\\/01\\\/chat_128px.png\",\"width\":128,\"height\":128,\"caption\":\"Preguntenos\"},{\"@type\":\"BreadcrumbList\",\"@id\":\"https:\\\/\\\/fundacionmoroni.org\\\/web\\\/contactenos\\\/preguntenos\\\/#breadcrumb\",\"itemListElement\":[{\"@type\":\"ListItem\",\"position\":1,\"name\":\"Home\",\"item\":\"https:\\\/\\\/fundacionmoroni.org\\\/web\\\/\"},{\"@type\":\"ListItem\",\"position\":2,\"name\":\"Cont\u00e1ctenos\",\"item\":\"https:\\\/\\\/fundacionmoroni.org\\\/web\\\/contactenos\\\/\"},{\"@type\":\"ListItem\",\"position\":3,\"name\":\"Preg\u00fantenos\"}]},{\"@type\":\"WebSite\",\"@id\":\"https:\\\/\\\/fundacionmoroni.org\\\/web\\\/#website\",\"url\":\"https:\\\/\\\/fundacionmoroni.org\\\/web\\\/\",\"name\":\"Fundaci\u00f3n Moroni\",\"description\":\"Porque la vida vale la pena vivirla y ser feliz\",\"potentialAction\":[{\"@type\":\"SearchAction\",\"target\":{\"@type\":\"EntryPoint\",\"urlTemplate\":\"https:\\\/\\\/fundacionmoroni.org\\\/web\\\/?s={search_term_string}\"},\"query-input\":{\"@type\":\"PropertyValueSpecification\",\"valueRequired\":true,\"valueName\":\"search_term_string\"}}],\"inLanguage\":\"en-US\"}]}<\/script>\n<!-- \/ Yoast SEO plugin. -->","yoast_head_json":{"title":"Preg\u00fantenos - Fundaci\u00f3n Moroni","robots":{"index":"index","follow":"follow","max-snippet":"max-snippet:-1","max-image-preview":"max-image-preview:large","max-video-preview":"max-video-preview:-1"},"canonical":"https:\/\/fundacionmoroni.org\/web\/contactenos\/preguntenos\/","og_locale":"en_US","og_type":"article","og_title":"Preg\u00fantenos - Fundaci\u00f3n Moroni","og_description":"Queremos responderle &nbsp; Para nosotros sus dudas e inquietudes son muy valiosas, preg\u00fantenos cualquier cosa que quiera saber de nuestra funcadi\u00f3n.","og_url":"https:\/\/fundacionmoroni.org\/web\/contactenos\/preguntenos\/","og_site_name":"Fundaci\u00f3n Moroni","article_modified_time":"2015-01-12T06:15:44+00:00","og_image":[{"width":128,"height":128,"url":"https:\/\/fundacionmoroni.org\/web\/wp-content\/uploads\/2015\/01\/chat_128px.png","type":"image\/png"}],"twitter_card":"summary_large_image","schema":{"@context":"https:\/\/schema.org","@graph":[{"@type":"WebPage","@id":"https:\/\/fundacionmoroni.org\/web\/contactenos\/preguntenos\/","url":"https:\/\/fundacionmoroni.org\/web\/contactenos\/preguntenos\/","name":"Preg\u00fantenos - Fundaci\u00f3n Moroni","isPartOf":{"@id":"https:\/\/fundacionmoroni.org\/web\/#website"},"primaryImageOfPage":{"@id":"https:\/\/fundacionmoroni.org\/web\/contactenos\/preguntenos\/#primaryimage"},"image":{"@id":"https:\/\/fundacionmoroni.org\/web\/contactenos\/preguntenos\/#primaryimage"},"thumbnailUrl":"https:\/\/fundacionmoroni.org\/web\/wp-content\/uploads\/2015\/01\/chat_128px.png","datePublished":"2015-01-10T17:14:33+00:00","dateModified":"2015-01-12T06:15:44+00:00","breadcrumb":{"@id":"https:\/\/fundacionmoroni.org\/web\/contactenos\/preguntenos\/#breadcrumb"},"inLanguage":"en-US","potentialAction":[{"@type":"ReadAction","target":["https:\/\/fundacionmoroni.org\/web\/contactenos\/preguntenos\/"]}]},{"@type":"ImageObject","inLanguage":"en-US","@id":"https:\/\/fundacionmoroni.org\/web\/contactenos\/preguntenos\/#primaryimage","url":"https:\/\/fundacionmoroni.org\/web\/wp-content\/uploads\/2015\/01\/chat_128px.png","contentUrl":"https:\/\/fundacionmoroni.org\/web\/wp-content\/uploads\/2015\/01\/chat_128px.png","width":128,"height":128,"caption":"Preguntenos"},{"@type":"BreadcrumbList","@id":"https:\/\/fundacionmoroni.org\/web\/contactenos\/preguntenos\/#breadcrumb","itemListElement":[{"@type":"ListItem","position":1,"name":"Home","item":"https:\/\/fundacionmoroni.org\/web\/"},{"@type":"ListItem","position":2,"name":"Cont\u00e1ctenos","item":"https:\/\/fundacionmoroni.org\/web\/contactenos\/"},{"@type":"ListItem","position":3,"name":"Preg\u00fantenos"}]},{"@type":"WebSite","@id":"https:\/\/fundacionmoroni.org\/web\/#website","url":"https:\/\/fundacionmoroni.org\/web\/","name":"Fundaci\u00f3n Moroni","description":"Porque la vida vale la pena vivirla y ser feliz","potentialAction":[{"@type":"SearchAction","target":{"@type":"EntryPoint","urlTemplate":"https:\/\/fundacionmoroni.org\/web\/?s={search_term_string}"},"query-input":{"@type":"PropertyValueSpecification","valueRequired":true,"valueName":"search_term_string"}}],"inLanguage":"en-US"}]}},"jetpack_sharing_enabled":true,"jetpack_shortlink":"https:\/\/wp.me\/P5ANil-F","_links":{"self":[{"href":"https:\/\/fundacionmoroni.org\/web\/wp-json\/wp\/v2\/pages\/41","targetHints":{"allow":["GET"]}}],"collection":[{"href":"https:\/\/fundacionmoroni.org\/web\/wp-json\/wp\/v2\/pages"}],"about":[{"href":"https:\/\/fundacionmoroni.org\/web\/wp-json\/wp\/v2\/types\/page"}],"author":[{"embeddable":true,"href":"https:\/\/fundacionmoroni.org\/web\/wp-json\/wp\/v2\/users\/1"}],"replies":[{"embeddable":true,"href":"https:\/\/fundacionmoroni.org\/web\/wp-json\/wp\/v2\/comments?post=41"}],"version-history":[{"count":1,"href":"https:\/\/fundacionmoroni.org\/web\/wp-json\/wp\/v2\/pages\/41\/revisions"}],"predecessor-version":[{"id":135,"href":"https:\/\/fundacionmoroni.org\/web\/wp-json\/wp\/v2\/pages\/41\/revisions\/135"}],"up":[{"embeddable":true,"href":"https:\/\/fundacionmoroni.org\/web\/wp-json\/wp\/v2\/pages\/35"}],"wp:featuredmedia":[{"embeddable":true,"href":"https:\/\/fundacionmoroni.org\/web\/wp-json\/wp\/v2\/media\/109"}],"wp:attachment":[{"href":"https:\/\/fundacionmoroni.org\/web\/wp-json\/wp\/v2\/media?parent=41"}],"curies":[{"name":"wp","href":"https:\/\/api.w.org\/{rel}","templated":true}]}}