{"id":45,"date":"2015-01-10T17:16:30","date_gmt":"2015-01-10T17:16:30","guid":{"rendered":"http:\/\/fundacionmoroni.org\/web\/?page_id=45"},"modified":"2016-01-05T12:05:26","modified_gmt":"2016-01-05T12:05:26","slug":"proyectos","status":"publish","type":"page","link":"https:\/\/fundacionmoroni.org\/web\/proyectos\/","title":{"rendered":"Proyectos"},"content":{"rendered":"<p>As\u00ed se construy\u00f3 la nueva sede de la Fundaci\u00f3n Moroni<\/p>\n<div data-carousel-extra='{&quot;blog_id&quot;:1,&quot;permalink&quot;:&quot;https:\/\/fundacionmoroni.org\/web\/proyectos\/&quot;}' id='gallery-1' class='gallery galleryid-45 gallery-columns-3 gallery-size-large'><figure class='gallery-item'>\n\t\t\t<div class='gallery-icon landscape'>\n\t\t\t\t<a href='https:\/\/fundacionmoroni.org\/web\/ge-digital-camera-6\/'><img loading=\"lazy\" decoding=\"async\" width=\"750\" height=\"563\" src=\"https:\/\/fundacionmoroni.org\/web\/wp-content\/uploads\/2015\/01\/obraNuevaSede6-1024x768.jpg\" class=\"attachment-large size-large\" alt=\"Instalaciones\" aria-describedby=\"gallery-1-88\" srcset=\"https:\/\/fundacionmoroni.org\/web\/wp-content\/uploads\/2015\/01\/obraNuevaSede6-1024x768.jpg 1024w, https:\/\/fundacionmoroni.org\/web\/wp-content\/uploads\/2015\/01\/obraNuevaSede6-300x225.jpg 300w\" sizes=\"auto, (max-width: 750px) 100vw, 750px\" data-attachment-id=\"88\" data-permalink=\"https:\/\/fundacionmoroni.org\/web\/ge-digital-camera-6\/\" data-orig-file=\"https:\/\/fundacionmoroni.org\/web\/wp-content\/uploads\/2015\/01\/obraNuevaSede6.jpg\" data-orig-size=\"3264,2448\" data-comments-opened=\"0\" data-image-meta=\"{&quot;aperture&quot;:&quot;4.72&quot;,&quot;credit&quot;:&quot;&quot;,&quot;camera&quot;:&quot;A830&quot;,&quot;caption&quot;:&quot;R:  153 G:  255 B:  154 X:54188 Y:    0 S:    0 Z:   52 F:  116&quot;,&quot;created_timestamp&quot;:&quot;1179428459&quot;,&quot;copyright&quot;:&quot;&quot;,&quot;focal_length&quot;:&quot;6.1&quot;,&quot;iso&quot;:&quot;80&quot;,&quot;shutter_speed&quot;:&quot;0.004827&quot;,&quot;title&quot;:&quot;GE DIGITAL CAMERA&quot;,&quot;orientation&quot;:&quot;1&quot;}\" data-image-title=\"Instalaciones\" data-image-description=\"&lt;p&gt;Instalaciones&lt;\/p&gt;\n\" data-image-caption=\"&lt;p&gt;Instalaciones&lt;\/p&gt;\n\" data-large-file=\"https:\/\/fundacionmoroni.org\/web\/wp-content\/uploads\/2015\/01\/obraNuevaSede6-1024x768.jpg\" \/><\/a>\n\t\t\t<\/div>\n\t\t\t\t<figcaption class='wp-caption-text gallery-caption' id='gallery-1-88'>\n\t\t\t\tInstalaciones\n\t\t\t\t<\/figcaption><\/figure><figure class='gallery-item'>\n\t\t\t<div class='gallery-icon landscape'>\n\t\t\t\t<a href='https:\/\/fundacionmoroni.org\/web\/obranuevasede5\/'><img loading=\"lazy\" decoding=\"async\" width=\"750\" height=\"563\" src=\"https:\/\/fundacionmoroni.org\/web\/wp-content\/uploads\/2015\/01\/obraNuevaSede5-1024x768.jpg\" class=\"attachment-large size-large\" alt=\"\" srcset=\"https:\/\/fundacionmoroni.org\/web\/wp-content\/uploads\/2015\/01\/obraNuevaSede5-1024x768.jpg 1024w, https:\/\/fundacionmoroni.org\/web\/wp-content\/uploads\/2015\/01\/obraNuevaSede5-300x225.jpg 300w, https:\/\/fundacionmoroni.org\/web\/wp-content\/uploads\/2015\/01\/obraNuevaSede5.jpg 1600w\" sizes=\"auto, (max-width: 750px) 100vw, 750px\" data-attachment-id=\"87\" data-permalink=\"https:\/\/fundacionmoroni.org\/web\/obranuevasede5\/\" data-orig-file=\"https:\/\/fundacionmoroni.org\/web\/wp-content\/uploads\/2015\/01\/obraNuevaSede5.jpg\" data-orig-size=\"1600,1200\" data-comments-opened=\"0\" data-image-meta=\"{&quot;aperture&quot;:&quot;0&quot;,&quot;credit&quot;:&quot;&quot;,&quot;camera&quot;:&quot;KS360&quot;,&quot;caption&quot;:&quot;&quot;,&quot;created_timestamp&quot;:&quot;0&quot;,&quot;copyright&quot;:&quot;&quot;,&quot;focal_length&quot;:&quot;325.4&quot;,&quot;iso&quot;:&quot;0&quot;,&quot;shutter_speed&quot;:&quot;0&quot;,&quot;title&quot;:&quot;&quot;,&quot;orientation&quot;:&quot;10&quot;}\" data-image-title=\"obraNuevaSede5\" data-image-description=\"\" data-image-caption=\"\" data-large-file=\"https:\/\/fundacionmoroni.org\/web\/wp-content\/uploads\/2015\/01\/obraNuevaSede5-1024x768.jpg\" \/><\/a>\n\t\t\t<\/div><\/figure><figure class='gallery-item'>\n\t\t\t<div class='gallery-icon portrait'>\n\t\t\t\t<a href='https:\/\/fundacionmoroni.org\/web\/ge-digital-camera-5\/'><img loading=\"lazy\" decoding=\"async\" width=\"750\" height=\"1000\" src=\"https:\/\/fundacionmoroni.org\/web\/wp-content\/uploads\/2015\/01\/obraNuevaSede2-768x1024.jpg\" class=\"attachment-large size-large\" alt=\"\" srcset=\"https:\/\/fundacionmoroni.org\/web\/wp-content\/uploads\/2015\/01\/obraNuevaSede2-768x1024.jpg 768w, https:\/\/fundacionmoroni.org\/web\/wp-content\/uploads\/2015\/01\/obraNuevaSede2-225x300.jpg 225w\" sizes=\"auto, (max-width: 750px) 100vw, 750px\" data-attachment-id=\"84\" data-permalink=\"https:\/\/fundacionmoroni.org\/web\/ge-digital-camera-5\/\" data-orig-file=\"https:\/\/fundacionmoroni.org\/web\/wp-content\/uploads\/2015\/01\/obraNuevaSede2.jpg\" data-orig-size=\"2448,3264\" data-comments-opened=\"0\" data-image-meta=\"{&quot;aperture&quot;:&quot;6.38&quot;,&quot;credit&quot;:&quot;&quot;,&quot;camera&quot;:&quot;A830&quot;,&quot;caption&quot;:&quot;R:  151 G:  255 B:  157 X:54188 Y:    0 S:    0 Z:  141 F:   88&quot;,&quot;created_timestamp&quot;:&quot;1180203677&quot;,&quot;copyright&quot;:&quot;&quot;,&quot;focal_length&quot;:&quot;11.9&quot;,&quot;iso&quot;:&quot;80&quot;,&quot;shutter_speed&quot;:&quot;0.002324&quot;,&quot;title&quot;:&quot;GE DIGITAL CAMERA&quot;,&quot;orientation&quot;:&quot;1&quot;}\" data-image-title=\"GE DIGITAL CAMERA\" data-image-description=\"&lt;p&gt;R:  151 G:  255 B:  157 X:54188 Y:    0 S:    0 Z:  141 F:   88&lt;\/p&gt;\n\" data-image-caption=\"\" data-large-file=\"https:\/\/fundacionmoroni.org\/web\/wp-content\/uploads\/2015\/01\/obraNuevaSede2-768x1024.jpg\" \/><\/a>\n\t\t\t<\/div><\/figure><figure class='gallery-item'>\n\t\t\t<div class='gallery-icon landscape'>\n\t\t\t\t<a href='https:\/\/fundacionmoroni.org\/web\/obranuevasede3-2\/'><img loading=\"lazy\" decoding=\"async\" width=\"750\" height=\"563\" src=\"https:\/\/fundacionmoroni.org\/web\/wp-content\/uploads\/2015\/01\/obraNuevaSede31-1024x768.jpg\" class=\"attachment-large size-large\" alt=\"\" srcset=\"https:\/\/fundacionmoroni.org\/web\/wp-content\/uploads\/2015\/01\/obraNuevaSede31-1024x768.jpg 1024w, https:\/\/fundacionmoroni.org\/web\/wp-content\/uploads\/2015\/01\/obraNuevaSede31-300x225.jpg 300w, https:\/\/fundacionmoroni.org\/web\/wp-content\/uploads\/2015\/01\/obraNuevaSede31.jpg 1600w\" sizes=\"auto, (max-width: 750px) 100vw, 750px\" data-attachment-id=\"85\" data-permalink=\"https:\/\/fundacionmoroni.org\/web\/obranuevasede3-2\/\" data-orig-file=\"https:\/\/fundacionmoroni.org\/web\/wp-content\/uploads\/2015\/01\/obraNuevaSede31.jpg\" data-orig-size=\"1600,1200\" data-comments-opened=\"0\" data-image-meta=\"{&quot;aperture&quot;:&quot;0&quot;,&quot;credit&quot;:&quot;&quot;,&quot;camera&quot;:&quot;KS360&quot;,&quot;caption&quot;:&quot;&quot;,&quot;created_timestamp&quot;:&quot;0&quot;,&quot;copyright&quot;:&quot;&quot;,&quot;focal_length&quot;:&quot;325.4&quot;,&quot;iso&quot;:&quot;0&quot;,&quot;shutter_speed&quot;:&quot;0&quot;,&quot;title&quot;:&quot;&quot;,&quot;orientation&quot;:&quot;10&quot;}\" data-image-title=\"obraNuevaSede3\" data-image-description=\"\" data-image-caption=\"\" data-large-file=\"https:\/\/fundacionmoroni.org\/web\/wp-content\/uploads\/2015\/01\/obraNuevaSede31-1024x768.jpg\" \/><\/a>\n\t\t\t<\/div><\/figure><figure class='gallery-item'>\n\t\t\t<div class='gallery-icon landscape'>\n\t\t\t\t<a href='https:\/\/fundacionmoroni.org\/web\/ge-digital-camera-4\/'><img loading=\"lazy\" decoding=\"async\" width=\"750\" height=\"563\" src=\"https:\/\/fundacionmoroni.org\/web\/wp-content\/uploads\/2015\/01\/obraNuevaSede1-1024x768.jpg\" class=\"attachment-large size-large\" alt=\"\" srcset=\"https:\/\/fundacionmoroni.org\/web\/wp-content\/uploads\/2015\/01\/obraNuevaSede1-1024x768.jpg 1024w, https:\/\/fundacionmoroni.org\/web\/wp-content\/uploads\/2015\/01\/obraNuevaSede1-300x225.jpg 300w\" sizes=\"auto, (max-width: 750px) 100vw, 750px\" data-attachment-id=\"83\" data-permalink=\"https:\/\/fundacionmoroni.org\/web\/ge-digital-camera-4\/\" data-orig-file=\"https:\/\/fundacionmoroni.org\/web\/wp-content\/uploads\/2015\/01\/obraNuevaSede1.jpg\" data-orig-size=\"3264,2448\" data-comments-opened=\"0\" data-image-meta=\"{&quot;aperture&quot;:&quot;5.79&quot;,&quot;credit&quot;:&quot;&quot;,&quot;camera&quot;:&quot;A830&quot;,&quot;caption&quot;:&quot;R:  153 G:  255 B:  160 X:54188 Y:    0 S:    0 Z:  112 F:  106&quot;,&quot;created_timestamp&quot;:&quot;1180205851&quot;,&quot;copyright&quot;:&quot;&quot;,&quot;focal_length&quot;:&quot;10&quot;,&quot;iso&quot;:&quot;80&quot;,&quot;shutter_speed&quot;:&quot;0.007747&quot;,&quot;title&quot;:&quot;GE DIGITAL CAMERA&quot;,&quot;orientation&quot;:&quot;1&quot;}\" data-image-title=\"GE DIGITAL CAMERA\" data-image-description=\"&lt;p&gt;R:  153 G:  255 B:  160 X:54188 Y:    0 S:    0 Z:  112 F:  106&lt;\/p&gt;\n\" data-image-caption=\"\" data-large-file=\"https:\/\/fundacionmoroni.org\/web\/wp-content\/uploads\/2015\/01\/obraNuevaSede1-1024x768.jpg\" \/><\/a>\n\t\t\t<\/div><\/figure><figure class='gallery-item'>\n\t\t\t<div class='gallery-icon landscape'>\n\t\t\t\t<a href='https:\/\/fundacionmoroni.org\/web\/ge-digital-camera-3\/'><img loading=\"lazy\" decoding=\"async\" width=\"750\" height=\"563\" src=\"https:\/\/fundacionmoroni.org\/web\/wp-content\/uploads\/2015\/01\/obraNuevaSede7-1024x768.jpg\" class=\"attachment-large size-large\" alt=\"\" srcset=\"https:\/\/fundacionmoroni.org\/web\/wp-content\/uploads\/2015\/01\/obraNuevaSede7-1024x768.jpg 1024w, https:\/\/fundacionmoroni.org\/web\/wp-content\/uploads\/2015\/01\/obraNuevaSede7-300x225.jpg 300w\" sizes=\"auto, (max-width: 750px) 100vw, 750px\" data-attachment-id=\"82\" data-permalink=\"https:\/\/fundacionmoroni.org\/web\/ge-digital-camera-3\/\" data-orig-file=\"https:\/\/fundacionmoroni.org\/web\/wp-content\/uploads\/2015\/01\/obraNuevaSede7.jpg\" data-orig-size=\"3264,2448\" data-comments-opened=\"0\" data-image-meta=\"{&quot;aperture&quot;:&quot;6.94&quot;,&quot;credit&quot;:&quot;&quot;,&quot;camera&quot;:&quot;A830&quot;,&quot;caption&quot;:&quot;R:  144 G:  255 B:  158 X:54188 Y:    0 S:    0 Z:  179 F:   84&quot;,&quot;created_timestamp&quot;:&quot;1179432529&quot;,&quot;copyright&quot;:&quot;&quot;,&quot;focal_length&quot;:&quot;14&quot;,&quot;iso&quot;:&quot;80&quot;,&quot;shutter_speed&quot;:&quot;0.008268&quot;,&quot;title&quot;:&quot;GE DIGITAL CAMERA&quot;,&quot;orientation&quot;:&quot;1&quot;}\" data-image-title=\"GE DIGITAL CAMERA\" data-image-description=\"&lt;p&gt;R:  144 G:  255 B:  158 X:54188 Y:    0 S:    0 Z:  179 F:   84&lt;\/p&gt;\n\" data-image-caption=\"\" data-large-file=\"https:\/\/fundacionmoroni.org\/web\/wp-content\/uploads\/2015\/01\/obraNuevaSede7-1024x768.jpg\" \/><\/a>\n\t\t\t<\/div><\/figure><figure class='gallery-item'>\n\t\t\t<div class='gallery-icon landscape'>\n\t\t\t\t<a href='https:\/\/fundacionmoroni.org\/web\/proyectos\/obranuevasede4\/'><img loading=\"lazy\" decoding=\"async\" width=\"750\" height=\"563\" src=\"https:\/\/fundacionmoroni.org\/web\/wp-content\/uploads\/2015\/01\/obraNuevaSede4-1024x768.jpg\" class=\"attachment-large size-large\" alt=\"\" srcset=\"https:\/\/fundacionmoroni.org\/web\/wp-content\/uploads\/2015\/01\/obraNuevaSede4-1024x768.jpg 1024w, https:\/\/fundacionmoroni.org\/web\/wp-content\/uploads\/2015\/01\/obraNuevaSede4-300x225.jpg 300w, https:\/\/fundacionmoroni.org\/web\/wp-content\/uploads\/2015\/01\/obraNuevaSede4.jpg 1600w\" sizes=\"auto, (max-width: 750px) 100vw, 750px\" data-attachment-id=\"110\" data-permalink=\"https:\/\/fundacionmoroni.org\/web\/proyectos\/obranuevasede4\/\" data-orig-file=\"https:\/\/fundacionmoroni.org\/web\/wp-content\/uploads\/2015\/01\/obraNuevaSede4.jpg\" data-orig-size=\"1600,1200\" data-comments-opened=\"0\" data-image-meta=\"{&quot;aperture&quot;:&quot;0&quot;,&quot;credit&quot;:&quot;&quot;,&quot;camera&quot;:&quot;KS360&quot;,&quot;caption&quot;:&quot;&quot;,&quot;created_timestamp&quot;:&quot;0&quot;,&quot;copyright&quot;:&quot;&quot;,&quot;focal_length&quot;:&quot;325.4&quot;,&quot;iso&quot;:&quot;0&quot;,&quot;shutter_speed&quot;:&quot;0&quot;,&quot;title&quot;:&quot;&quot;,&quot;orientation&quot;:&quot;10&quot;}\" data-image-title=\"obraNuevaSede4\" data-image-description=\"\" data-image-caption=\"\" data-large-file=\"https:\/\/fundacionmoroni.org\/web\/wp-content\/uploads\/2015\/01\/obraNuevaSede4-1024x768.jpg\" \/><\/a>\n\t\t\t<\/div><\/figure>\n\t\t<\/div>\n\n<hr \/>\n<p>&nbsp;<\/p>\n","protected":false},"excerpt":{"rendered":"<p>As\u00ed se construy\u00f3 la nueva sede de la Fundaci\u00f3n Moroni &nbsp;<\/p>\n","protected":false},"author":1,"featured_media":87,"parent":0,"menu_order":5,"comment_status":"closed","ping_status":"closed","template":"","meta":{"jetpack_post_was_ever_published":false,"footnotes":""},"class_list":["post-45","page","type-page","status-publish","has-post-thumbnail","hentry"],"yoast_head":"<!-- This site is optimized with the Yoast SEO plugin v27.4 - https:\/\/yoast.com\/product\/yoast-seo-wordpress\/ -->\n<title>Proyectos - Fundaci\u00f3n Moroni<\/title>\n<meta name=\"robots\" content=\"index, follow, max-snippet:-1, max-image-preview:large, max-video-preview:-1\" \/>\n<link rel=\"canonical\" href=\"https:\/\/fundacionmoroni.org\/web\/proyectos\/\" \/>\n<meta property=\"og:locale\" content=\"en_US\" \/>\n<meta property=\"og:type\" content=\"article\" \/>\n<meta property=\"og:title\" content=\"Proyectos - Fundaci\u00f3n Moroni\" \/>\n<meta property=\"og:description\" content=\"As\u00ed se construy\u00f3 la nueva sede de la Fundaci\u00f3n Moroni &nbsp;\" \/>\n<meta property=\"og:url\" content=\"https:\/\/fundacionmoroni.org\/web\/proyectos\/\" \/>\n<meta property=\"og:site_name\" content=\"Fundaci\u00f3n Moroni\" \/>\n<meta property=\"article:modified_time\" content=\"2016-01-05T12:05:26+00:00\" \/>\n<meta property=\"og:image\" content=\"https:\/\/fundacionmoroni.org\/web\/wp-content\/uploads\/2015\/01\/obraNuevaSede5.jpg\" \/>\n\t<meta property=\"og:image:width\" content=\"1600\" \/>\n\t<meta property=\"og:image:height\" content=\"1200\" \/>\n\t<meta property=\"og:image:type\" content=\"image\/jpeg\" \/>\n<meta name=\"twitter:card\" content=\"summary_large_image\" \/>\n<script type=\"application\/ld+json\" class=\"yoast-schema-graph\">{\"@context\":\"https:\\\/\\\/schema.org\",\"@graph\":[{\"@type\":\"WebPage\",\"@id\":\"https:\\\/\\\/fundacionmoroni.org\\\/web\\\/proyectos\\\/\",\"url\":\"https:\\\/\\\/fundacionmoroni.org\\\/web\\\/proyectos\\\/\",\"name\":\"Proyectos - Fundaci\u00f3n Moroni\",\"isPartOf\":{\"@id\":\"https:\\\/\\\/fundacionmoroni.org\\\/web\\\/#website\"},\"primaryImageOfPage\":{\"@id\":\"https:\\\/\\\/fundacionmoroni.org\\\/web\\\/proyectos\\\/#primaryimage\"},\"image\":{\"@id\":\"https:\\\/\\\/fundacionmoroni.org\\\/web\\\/proyectos\\\/#primaryimage\"},\"thumbnailUrl\":\"https:\\\/\\\/fundacionmoroni.org\\\/web\\\/wp-content\\\/uploads\\\/2015\\\/01\\\/obraNuevaSede5.jpg\",\"datePublished\":\"2015-01-10T17:16:30+00:00\",\"dateModified\":\"2016-01-05T12:05:26+00:00\",\"breadcrumb\":{\"@id\":\"https:\\\/\\\/fundacionmoroni.org\\\/web\\\/proyectos\\\/#breadcrumb\"},\"inLanguage\":\"en-US\",\"potentialAction\":[{\"@type\":\"ReadAction\",\"target\":[\"https:\\\/\\\/fundacionmoroni.org\\\/web\\\/proyectos\\\/\"]}]},{\"@type\":\"ImageObject\",\"inLanguage\":\"en-US\",\"@id\":\"https:\\\/\\\/fundacionmoroni.org\\\/web\\\/proyectos\\\/#primaryimage\",\"url\":\"https:\\\/\\\/fundacionmoroni.org\\\/web\\\/wp-content\\\/uploads\\\/2015\\\/01\\\/obraNuevaSede5.jpg\",\"contentUrl\":\"https:\\\/\\\/fundacionmoroni.org\\\/web\\\/wp-content\\\/uploads\\\/2015\\\/01\\\/obraNuevaSede5.jpg\",\"width\":1600,\"height\":1200},{\"@type\":\"BreadcrumbList\",\"@id\":\"https:\\\/\\\/fundacionmoroni.org\\\/web\\\/proyectos\\\/#breadcrumb\",\"itemListElement\":[{\"@type\":\"ListItem\",\"position\":1,\"name\":\"Home\",\"item\":\"https:\\\/\\\/fundacionmoroni.org\\\/web\\\/\"},{\"@type\":\"ListItem\",\"position\":2,\"name\":\"Proyectos\"}]},{\"@type\":\"WebSite\",\"@id\":\"https:\\\/\\\/fundacionmoroni.org\\\/web\\\/#website\",\"url\":\"https:\\\/\\\/fundacionmoroni.org\\\/web\\\/\",\"name\":\"Fundaci\u00f3n Moroni\",\"description\":\"Porque la vida vale la pena vivirla y ser feliz\",\"potentialAction\":[{\"@type\":\"SearchAction\",\"target\":{\"@type\":\"EntryPoint\",\"urlTemplate\":\"https:\\\/\\\/fundacionmoroni.org\\\/web\\\/?s={search_term_string}\"},\"query-input\":{\"@type\":\"PropertyValueSpecification\",\"valueRequired\":true,\"valueName\":\"search_term_string\"}}],\"inLanguage\":\"en-US\"}]}<\/script>\n<!-- \/ Yoast SEO plugin. -->","yoast_head_json":{"title":"Proyectos - Fundaci\u00f3n Moroni","robots":{"index":"index","follow":"follow","max-snippet":"max-snippet:-1","max-image-preview":"max-image-preview:large","max-video-preview":"max-video-preview:-1"},"canonical":"https:\/\/fundacionmoroni.org\/web\/proyectos\/","og_locale":"en_US","og_type":"article","og_title":"Proyectos - Fundaci\u00f3n Moroni","og_description":"As\u00ed se construy\u00f3 la nueva sede de la Fundaci\u00f3n Moroni &nbsp;","og_url":"https:\/\/fundacionmoroni.org\/web\/proyectos\/","og_site_name":"Fundaci\u00f3n Moroni","article_modified_time":"2016-01-05T12:05:26+00:00","og_image":[{"width":1600,"height":1200,"url":"https:\/\/fundacionmoroni.org\/web\/wp-content\/uploads\/2015\/01\/obraNuevaSede5.jpg","type":"image\/jpeg"}],"twitter_card":"summary_large_image","schema":{"@context":"https:\/\/schema.org","@graph":[{"@type":"WebPage","@id":"https:\/\/fundacionmoroni.org\/web\/proyectos\/","url":"https:\/\/fundacionmoroni.org\/web\/proyectos\/","name":"Proyectos - Fundaci\u00f3n Moroni","isPartOf":{"@id":"https:\/\/fundacionmoroni.org\/web\/#website"},"primaryImageOfPage":{"@id":"https:\/\/fundacionmoroni.org\/web\/proyectos\/#primaryimage"},"image":{"@id":"https:\/\/fundacionmoroni.org\/web\/proyectos\/#primaryimage"},"thumbnailUrl":"https:\/\/fundacionmoroni.org\/web\/wp-content\/uploads\/2015\/01\/obraNuevaSede5.jpg","datePublished":"2015-01-10T17:16:30+00:00","dateModified":"2016-01-05T12:05:26+00:00","breadcrumb":{"@id":"https:\/\/fundacionmoroni.org\/web\/proyectos\/#breadcrumb"},"inLanguage":"en-US","potentialAction":[{"@type":"ReadAction","target":["https:\/\/fundacionmoroni.org\/web\/proyectos\/"]}]},{"@type":"ImageObject","inLanguage":"en-US","@id":"https:\/\/fundacionmoroni.org\/web\/proyectos\/#primaryimage","url":"https:\/\/fundacionmoroni.org\/web\/wp-content\/uploads\/2015\/01\/obraNuevaSede5.jpg","contentUrl":"https:\/\/fundacionmoroni.org\/web\/wp-content\/uploads\/2015\/01\/obraNuevaSede5.jpg","width":1600,"height":1200},{"@type":"BreadcrumbList","@id":"https:\/\/fundacionmoroni.org\/web\/proyectos\/#breadcrumb","itemListElement":[{"@type":"ListItem","position":1,"name":"Home","item":"https:\/\/fundacionmoroni.org\/web\/"},{"@type":"ListItem","position":2,"name":"Proyectos"}]},{"@type":"WebSite","@id":"https:\/\/fundacionmoroni.org\/web\/#website","url":"https:\/\/fundacionmoroni.org\/web\/","name":"Fundaci\u00f3n Moroni","description":"Porque la vida vale la pena vivirla y ser feliz","potentialAction":[{"@type":"SearchAction","target":{"@type":"EntryPoint","urlTemplate":"https:\/\/fundacionmoroni.org\/web\/?s={search_term_string}"},"query-input":{"@type":"PropertyValueSpecification","valueRequired":true,"valueName":"search_term_string"}}],"inLanguage":"en-US"}]}},"jetpack_sharing_enabled":true,"jetpack_shortlink":"https:\/\/wp.me\/P5ANil-J","_links":{"self":[{"href":"https:\/\/fundacionmoroni.org\/web\/wp-json\/wp\/v2\/pages\/45","targetHints":{"allow":["GET"]}}],"collection":[{"href":"https:\/\/fundacionmoroni.org\/web\/wp-json\/wp\/v2\/pages"}],"about":[{"href":"https:\/\/fundacionmoroni.org\/web\/wp-json\/wp\/v2\/types\/page"}],"author":[{"embeddable":true,"href":"https:\/\/fundacionmoroni.org\/web\/wp-json\/wp\/v2\/users\/1"}],"replies":[{"embeddable":true,"href":"https:\/\/fundacionmoroni.org\/web\/wp-json\/wp\/v2\/comments?post=45"}],"version-history":[{"count":1,"href":"https:\/\/fundacionmoroni.org\/web\/wp-json\/wp\/v2\/pages\/45\/revisions"}],"predecessor-version":[{"id":206,"href":"https:\/\/fundacionmoroni.org\/web\/wp-json\/wp\/v2\/pages\/45\/revisions\/206"}],"wp:featuredmedia":[{"embeddable":true,"href":"https:\/\/fundacionmoroni.org\/web\/wp-json\/wp\/v2\/media\/87"}],"wp:attachment":[{"href":"https:\/\/fundacionmoroni.org\/web\/wp-json\/wp\/v2\/media?parent=45"}],"curies":[{"name":"wp","href":"https:\/\/api.w.org\/{rel}","templated":true}]}}