{"id":72,"date":"2015-01-11T00:16:02","date_gmt":"2015-01-11T00:16:02","guid":{"rendered":"http:\/\/fundacionmoroni.org\/web\/?page_id=72"},"modified":"2015-01-11T00:40:52","modified_gmt":"2015-01-11T00:40:52","slug":"vision","status":"publish","type":"page","link":"https:\/\/fundacionmoroni.org\/web\/inicio\/vision\/","title":{"rendered":"Visi\u00f3n"},"content":{"rendered":"<p style=\"text-align: justify;\">Cubrir el territorio colombiano con centros de atenci\u00f3n a las personas afectadas por el flagelo de las drogas incursionando en el entorno social institucional y familiar para interactuar desde el proceso de prevenci\u00f3n hasta la terapia al residente, fortaleciendo el car\u00e1cter desde los diferentes par\u00e1metros (identidad, confianza, compromiso, industriosidad, generatividad, autonom\u00eda, iniciativa, disciplina, liderazgo, intimidad, trascendencia, lealtad, visi\u00f3n, principios y valores), para que la persona descubra la felicidad dentro de s\u00ed y pueda encausarla en forma productiva.<\/p>\n","protected":false},"excerpt":{"rendered":"<p>Cubrir el territorio colombiano con centros de atenci\u00f3n a las personas afectadas por el flagelo de las drogas incursionando en el entorno social institucional y familiar para interactuar desde el proceso de prevenci\u00f3n hasta la terapia al residente, fortaleciendo el<\/p>\n","protected":false},"author":1,"featured_media":78,"parent":68,"menu_order":2,"comment_status":"closed","ping_status":"closed","template":"","meta":{"jetpack_post_was_ever_published":false,"footnotes":""},"class_list":["post-72","page","type-page","status-publish","has-post-thumbnail","hentry"],"yoast_head":"<!-- This site is optimized with the Yoast SEO plugin v27.4 - https:\/\/yoast.com\/product\/yoast-seo-wordpress\/ -->\n<title>Visi\u00f3n - Fundaci\u00f3n Moroni<\/title>\n<meta name=\"robots\" content=\"index, follow, max-snippet:-1, max-image-preview:large, max-video-preview:-1\" \/>\n<link rel=\"canonical\" href=\"https:\/\/fundacionmoroni.org\/web\/inicio\/vision\/\" \/>\n<meta property=\"og:locale\" content=\"en_US\" \/>\n<meta property=\"og:type\" content=\"article\" \/>\n<meta property=\"og:title\" content=\"Visi\u00f3n - Fundaci\u00f3n Moroni\" \/>\n<meta property=\"og:description\" content=\"Cubrir el territorio colombiano con centros de atenci\u00f3n a las personas afectadas por el flagelo de las drogas incursionando en el entorno social institucional y familiar para interactuar desde el proceso de prevenci\u00f3n hasta la terapia al residente, fortaleciendo el\" \/>\n<meta property=\"og:url\" content=\"https:\/\/fundacionmoroni.org\/web\/inicio\/vision\/\" \/>\n<meta property=\"og:site_name\" content=\"Fundaci\u00f3n Moroni\" \/>\n<meta property=\"article:modified_time\" content=\"2015-01-11T00:40:52+00:00\" \/>\n<meta property=\"og:image\" content=\"https:\/\/fundacionmoroni.org\/web\/wp-content\/uploads\/2015\/01\/eye.png\" \/>\n\t<meta property=\"og:image:width\" content=\"128\" \/>\n\t<meta property=\"og:image:height\" content=\"128\" \/>\n\t<meta property=\"og:image:type\" content=\"image\/png\" \/>\n<meta name=\"twitter:card\" content=\"summary_large_image\" \/>\n<script type=\"application\/ld+json\" class=\"yoast-schema-graph\">{\"@context\":\"https:\\\/\\\/schema.org\",\"@graph\":[{\"@type\":\"WebPage\",\"@id\":\"https:\\\/\\\/fundacionmoroni.org\\\/web\\\/inicio\\\/vision\\\/\",\"url\":\"https:\\\/\\\/fundacionmoroni.org\\\/web\\\/inicio\\\/vision\\\/\",\"name\":\"Visi\u00f3n - Fundaci\u00f3n Moroni\",\"isPartOf\":{\"@id\":\"https:\\\/\\\/fundacionmoroni.org\\\/web\\\/#website\"},\"primaryImageOfPage\":{\"@id\":\"https:\\\/\\\/fundacionmoroni.org\\\/web\\\/inicio\\\/vision\\\/#primaryimage\"},\"image\":{\"@id\":\"https:\\\/\\\/fundacionmoroni.org\\\/web\\\/inicio\\\/vision\\\/#primaryimage\"},\"thumbnailUrl\":\"https:\\\/\\\/fundacionmoroni.org\\\/web\\\/wp-content\\\/uploads\\\/2015\\\/01\\\/eye.png\",\"datePublished\":\"2015-01-11T00:16:02+00:00\",\"dateModified\":\"2015-01-11T00:40:52+00:00\",\"breadcrumb\":{\"@id\":\"https:\\\/\\\/fundacionmoroni.org\\\/web\\\/inicio\\\/vision\\\/#breadcrumb\"},\"inLanguage\":\"en-US\",\"potentialAction\":[{\"@type\":\"ReadAction\",\"target\":[\"https:\\\/\\\/fundacionmoroni.org\\\/web\\\/inicio\\\/vision\\\/\"]}]},{\"@type\":\"ImageObject\",\"inLanguage\":\"en-US\",\"@id\":\"https:\\\/\\\/fundacionmoroni.org\\\/web\\\/inicio\\\/vision\\\/#primaryimage\",\"url\":\"https:\\\/\\\/fundacionmoroni.org\\\/web\\\/wp-content\\\/uploads\\\/2015\\\/01\\\/eye.png\",\"contentUrl\":\"https:\\\/\\\/fundacionmoroni.org\\\/web\\\/wp-content\\\/uploads\\\/2015\\\/01\\\/eye.png\",\"width\":128,\"height\":128,\"caption\":\"visi\u00f3n\"},{\"@type\":\"BreadcrumbList\",\"@id\":\"https:\\\/\\\/fundacionmoroni.org\\\/web\\\/inicio\\\/vision\\\/#breadcrumb\",\"itemListElement\":[{\"@type\":\"ListItem\",\"position\":1,\"name\":\"Home\",\"item\":\"https:\\\/\\\/fundacionmoroni.org\\\/web\\\/\"},{\"@type\":\"ListItem\",\"position\":2,\"name\":\"Inicio\",\"item\":\"https:\\\/\\\/fundacionmoroni.org\\\/web\\\/\"},{\"@type\":\"ListItem\",\"position\":3,\"name\":\"Visi\u00f3n\"}]},{\"@type\":\"WebSite\",\"@id\":\"https:\\\/\\\/fundacionmoroni.org\\\/web\\\/#website\",\"url\":\"https:\\\/\\\/fundacionmoroni.org\\\/web\\\/\",\"name\":\"Fundaci\u00f3n Moroni\",\"description\":\"Porque la vida vale la pena vivirla y ser feliz\",\"potentialAction\":[{\"@type\":\"SearchAction\",\"target\":{\"@type\":\"EntryPoint\",\"urlTemplate\":\"https:\\\/\\\/fundacionmoroni.org\\\/web\\\/?s={search_term_string}\"},\"query-input\":{\"@type\":\"PropertyValueSpecification\",\"valueRequired\":true,\"valueName\":\"search_term_string\"}}],\"inLanguage\":\"en-US\"}]}<\/script>\n<!-- \/ Yoast SEO plugin. -->","yoast_head_json":{"title":"Visi\u00f3n - Fundaci\u00f3n Moroni","robots":{"index":"index","follow":"follow","max-snippet":"max-snippet:-1","max-image-preview":"max-image-preview:large","max-video-preview":"max-video-preview:-1"},"canonical":"https:\/\/fundacionmoroni.org\/web\/inicio\/vision\/","og_locale":"en_US","og_type":"article","og_title":"Visi\u00f3n - Fundaci\u00f3n Moroni","og_description":"Cubrir el territorio colombiano con centros de atenci\u00f3n a las personas afectadas por el flagelo de las drogas incursionando en el entorno social institucional y familiar para interactuar desde el proceso de prevenci\u00f3n hasta la terapia al residente, fortaleciendo el","og_url":"https:\/\/fundacionmoroni.org\/web\/inicio\/vision\/","og_site_name":"Fundaci\u00f3n Moroni","article_modified_time":"2015-01-11T00:40:52+00:00","og_image":[{"width":128,"height":128,"url":"https:\/\/fundacionmoroni.org\/web\/wp-content\/uploads\/2015\/01\/eye.png","type":"image\/png"}],"twitter_card":"summary_large_image","schema":{"@context":"https:\/\/schema.org","@graph":[{"@type":"WebPage","@id":"https:\/\/fundacionmoroni.org\/web\/inicio\/vision\/","url":"https:\/\/fundacionmoroni.org\/web\/inicio\/vision\/","name":"Visi\u00f3n - Fundaci\u00f3n Moroni","isPartOf":{"@id":"https:\/\/fundacionmoroni.org\/web\/#website"},"primaryImageOfPage":{"@id":"https:\/\/fundacionmoroni.org\/web\/inicio\/vision\/#primaryimage"},"image":{"@id":"https:\/\/fundacionmoroni.org\/web\/inicio\/vision\/#primaryimage"},"thumbnailUrl":"https:\/\/fundacionmoroni.org\/web\/wp-content\/uploads\/2015\/01\/eye.png","datePublished":"2015-01-11T00:16:02+00:00","dateModified":"2015-01-11T00:40:52+00:00","breadcrumb":{"@id":"https:\/\/fundacionmoroni.org\/web\/inicio\/vision\/#breadcrumb"},"inLanguage":"en-US","potentialAction":[{"@type":"ReadAction","target":["https:\/\/fundacionmoroni.org\/web\/inicio\/vision\/"]}]},{"@type":"ImageObject","inLanguage":"en-US","@id":"https:\/\/fundacionmoroni.org\/web\/inicio\/vision\/#primaryimage","url":"https:\/\/fundacionmoroni.org\/web\/wp-content\/uploads\/2015\/01\/eye.png","contentUrl":"https:\/\/fundacionmoroni.org\/web\/wp-content\/uploads\/2015\/01\/eye.png","width":128,"height":128,"caption":"visi\u00f3n"},{"@type":"BreadcrumbList","@id":"https:\/\/fundacionmoroni.org\/web\/inicio\/vision\/#breadcrumb","itemListElement":[{"@type":"ListItem","position":1,"name":"Home","item":"https:\/\/fundacionmoroni.org\/web\/"},{"@type":"ListItem","position":2,"name":"Inicio","item":"https:\/\/fundacionmoroni.org\/web\/"},{"@type":"ListItem","position":3,"name":"Visi\u00f3n"}]},{"@type":"WebSite","@id":"https:\/\/fundacionmoroni.org\/web\/#website","url":"https:\/\/fundacionmoroni.org\/web\/","name":"Fundaci\u00f3n Moroni","description":"Porque la vida vale la pena vivirla y ser feliz","potentialAction":[{"@type":"SearchAction","target":{"@type":"EntryPoint","urlTemplate":"https:\/\/fundacionmoroni.org\/web\/?s={search_term_string}"},"query-input":{"@type":"PropertyValueSpecification","valueRequired":true,"valueName":"search_term_string"}}],"inLanguage":"en-US"}]}},"jetpack_sharing_enabled":true,"jetpack_shortlink":"https:\/\/wp.me\/P5ANil-1a","_links":{"self":[{"href":"https:\/\/fundacionmoroni.org\/web\/wp-json\/wp\/v2\/pages\/72","targetHints":{"allow":["GET"]}}],"collection":[{"href":"https:\/\/fundacionmoroni.org\/web\/wp-json\/wp\/v2\/pages"}],"about":[{"href":"https:\/\/fundacionmoroni.org\/web\/wp-json\/wp\/v2\/types\/page"}],"author":[{"embeddable":true,"href":"https:\/\/fundacionmoroni.org\/web\/wp-json\/wp\/v2\/users\/1"}],"replies":[{"embeddable":true,"href":"https:\/\/fundacionmoroni.org\/web\/wp-json\/wp\/v2\/comments?post=72"}],"version-history":[{"count":1,"href":"https:\/\/fundacionmoroni.org\/web\/wp-json\/wp\/v2\/pages\/72\/revisions"}],"predecessor-version":[{"id":73,"href":"https:\/\/fundacionmoroni.org\/web\/wp-json\/wp\/v2\/pages\/72\/revisions\/73"}],"up":[{"embeddable":true,"href":"https:\/\/fundacionmoroni.org\/web\/wp-json\/wp\/v2\/pages\/68"}],"wp:featuredmedia":[{"embeddable":true,"href":"https:\/\/fundacionmoroni.org\/web\/wp-json\/wp\/v2\/media\/78"}],"wp:attachment":[{"href":"https:\/\/fundacionmoroni.org\/web\/wp-json\/wp\/v2\/media?parent=72"}],"curies":[{"name":"wp","href":"https:\/\/api.w.org\/{rel}","templated":true}]}}