{"id":80,"date":"2015-01-11T00:50:08","date_gmt":"2015-01-11T00:50:08","guid":{"rendered":"http:\/\/fundacionmoroni.org\/web\/?page_id=80"},"modified":"2017-12-07T18:28:13","modified_gmt":"2017-12-07T18:28:13","slug":"donaciones","status":"publish","type":"page","link":"https:\/\/fundacionmoroni.org\/web\/donaciones\/","title":{"rendered":"Donaciones"},"content":{"rendered":"<p style=\"text-align: justify;\">La Fundaci\u00f3n Moroni es una entidad sin \u00e1nimo de lucro, que ayuda a personas con diferentes\u00a0tipos de adicciones (drogas, alcohol, juego, etc.). La ayuda de personas y empresas maravillosas es fundamental para la Fundaci\u00f3n Moroni, estas nos ayudan a volar m\u00e1s alto, a crecer y mejorar nuestro servicio. Gracias a las donaciones recibidas la Fundaci\u00f3n Moroni ha podido:<\/p>\n<hr \/>\n<p style=\"text-align: center;\">\n<table id=\"tablepress-1\" class=\"tablepress tablepress-id-1\">\n<tbody>\n<tr class=\"row-1\">\n\t<td class=\"column-1\"><i class=\"fa fa-shopping-basket fa-5x donacionesAzul\" aria-hidden=\"true\"><\/i><\/td><td class=\"column-2\"><i class=\"fa fa-university fa-5x donacionesAzul\" aria-hidden=\"true\"><\/i><\/td>\n<\/tr>\n<tr class=\"row-2\">\n\t<td class=\"column-1\">Comida<\/td><td class=\"column-2\">Nueva Sede<\/td>\n<\/tr>\n<tr class=\"row-3\">\n\t<td class=\"column-1\">Gracias a las donaciones de buen coraz\u00f3n nuestros pacientes tienen alimentos sanos y nutritivos para su recuperaci\u00f3n<\/td><td class=\"column-2\">Por sus aportes generosos la nueva sede de la Fundaci\u00f3n Moroni es una realidad un espacio seguro, tranquilo, agradable y natural donde los procesos de rehabilitaci\u00f3n son mejores<\/td>\n<\/tr>\n<\/tbody>\n<\/table>\n<!-- #tablepress-1 from cache -->\n<table id=\"tablepress-2\" class=\"tablepress tablepress-id-2\">\n<tbody>\n<tr class=\"row-1\">\n\t<td class=\"column-1\"><i class=\"fa fa-graduation-cap fa-5x donacionesAzul\" aria-hidden=\"true\"><\/i><\/td><td class=\"column-2\"><i class=\"fa fa-file-code-o fa-5x donacionesAzul\" aria-hidden=\"true\"><\/i><\/td>\n<\/tr>\n<tr class=\"row-2\">\n\t<td class=\"column-1\">Mejor Educaci\u00f3n<\/td><td class=\"column-2\">Nueva Web<\/td>\n<\/tr>\n<tr class=\"row-3\">\n\t<td class=\"column-1\">La Fundaci\u00f3n Moroni est\u00e1 ayudando a m\u00e1s personas e impartiendo mejor educaci\u00f3n y orientaci\u00f3n emocional y psicol\u00f3gica gracias al apoyo recibido de gente amable<\/td><td class=\"column-2\">La p\u00e1gina web ha sido renovada y nuevamente est\u00e1 disponible gracias a ayuda externa y desinteresada<\/td>\n<\/tr>\n<\/tbody>\n<\/table>\n<!-- #tablepress-2 from cache --><\/p>\n<hr \/>\n<h3 style=\"text-align: justify;\">Ay\u00fadenos a volar m\u00e1s alto.<\/h3>\n<p style=\"text-align: justify;\">Agradecemos sus donaciones a la cuenta de ahorros n\u00famero <strong>262-798399-26<\/strong>\u00a0de Bancolombia sucursal Duitama, a nombre de: Fundaci\u00f3n Moroni.<\/p>\n<p style=\"text-align: justify;\">Gracias por su ayuda, es invaluable.<\/p>\n","protected":false},"excerpt":{"rendered":"<p>La Fundaci\u00f3n Moroni es una entidad sin \u00e1nimo de lucro, que ayuda a personas con diferentes\u00a0tipos de adicciones (drogas, alcohol, juego, etc.). La ayuda de personas y empresas maravillosas es fundamental para la Fundaci\u00f3n Moroni, estas nos ayudan a volar<\/p>\n","protected":false},"author":1,"featured_media":0,"parent":0,"menu_order":0,"comment_status":"closed","ping_status":"closed","template":"","meta":{"jetpack_post_was_ever_published":false,"footnotes":""},"class_list":["post-80","page","type-page","status-publish","hentry"],"yoast_head":"<!-- This site is optimized with the Yoast SEO plugin v27.3 - https:\/\/yoast.com\/product\/yoast-seo-wordpress\/ -->\n<title>Donaciones - Fundaci\u00f3n Moroni<\/title>\n<meta name=\"description\" content=\"La Fundaci\u00f3n Moroni es una entidad sin \u00e1nimo de lucro, que ayuda a personas con diferentes tipos de adicciones. Sus donaciones nos ayuda a volar m\u00e1s alto.\" \/>\n<meta name=\"robots\" content=\"index, follow, max-snippet:-1, max-image-preview:large, max-video-preview:-1\" \/>\n<link rel=\"canonical\" href=\"https:\/\/fundacionmoroni.org\/web\/donaciones\/\" \/>\n<meta property=\"og:locale\" content=\"en_US\" \/>\n<meta property=\"og:type\" content=\"article\" \/>\n<meta property=\"og:title\" content=\"Donaciones - Fundaci\u00f3n Moroni\" \/>\n<meta property=\"og:description\" content=\"La Fundaci\u00f3n Moroni es una entidad sin \u00e1nimo de lucro, que ayuda a personas con diferentes tipos de adicciones. Sus donaciones nos ayuda a volar m\u00e1s alto.\" \/>\n<meta property=\"og:url\" content=\"https:\/\/fundacionmoroni.org\/web\/donaciones\/\" \/>\n<meta property=\"og:site_name\" content=\"Fundaci\u00f3n Moroni\" \/>\n<meta property=\"article:modified_time\" content=\"2017-12-07T18:28:13+00:00\" \/>\n<meta name=\"twitter:card\" content=\"summary_large_image\" \/>\n<meta name=\"twitter:label1\" content=\"Est. reading time\" \/>\n\t<meta name=\"twitter:data1\" content=\"1 minute\" \/>\n<script type=\"application\/ld+json\" class=\"yoast-schema-graph\">{\"@context\":\"https:\\\/\\\/schema.org\",\"@graph\":[{\"@type\":\"WebPage\",\"@id\":\"https:\\\/\\\/fundacionmoroni.org\\\/web\\\/donaciones\\\/\",\"url\":\"https:\\\/\\\/fundacionmoroni.org\\\/web\\\/donaciones\\\/\",\"name\":\"Donaciones - Fundaci\u00f3n Moroni\",\"isPartOf\":{\"@id\":\"https:\\\/\\\/fundacionmoroni.org\\\/web\\\/#website\"},\"datePublished\":\"2015-01-11T00:50:08+00:00\",\"dateModified\":\"2017-12-07T18:28:13+00:00\",\"description\":\"La Fundaci\u00f3n Moroni es una entidad sin \u00e1nimo de lucro, que ayuda a personas con diferentes tipos de adicciones. Sus donaciones nos ayuda a volar m\u00e1s alto.\",\"breadcrumb\":{\"@id\":\"https:\\\/\\\/fundacionmoroni.org\\\/web\\\/donaciones\\\/#breadcrumb\"},\"inLanguage\":\"en-US\",\"potentialAction\":[{\"@type\":\"ReadAction\",\"target\":[\"https:\\\/\\\/fundacionmoroni.org\\\/web\\\/donaciones\\\/\"]}]},{\"@type\":\"BreadcrumbList\",\"@id\":\"https:\\\/\\\/fundacionmoroni.org\\\/web\\\/donaciones\\\/#breadcrumb\",\"itemListElement\":[{\"@type\":\"ListItem\",\"position\":1,\"name\":\"Home\",\"item\":\"https:\\\/\\\/fundacionmoroni.org\\\/web\\\/\"},{\"@type\":\"ListItem\",\"position\":2,\"name\":\"Donaciones\"}]},{\"@type\":\"WebSite\",\"@id\":\"https:\\\/\\\/fundacionmoroni.org\\\/web\\\/#website\",\"url\":\"https:\\\/\\\/fundacionmoroni.org\\\/web\\\/\",\"name\":\"Fundaci\u00f3n Moroni\",\"description\":\"Porque la vida vale la pena vivirla y ser feliz\",\"potentialAction\":[{\"@type\":\"SearchAction\",\"target\":{\"@type\":\"EntryPoint\",\"urlTemplate\":\"https:\\\/\\\/fundacionmoroni.org\\\/web\\\/?s={search_term_string}\"},\"query-input\":{\"@type\":\"PropertyValueSpecification\",\"valueRequired\":true,\"valueName\":\"search_term_string\"}}],\"inLanguage\":\"en-US\"}]}<\/script>\n<!-- \/ Yoast SEO plugin. -->","yoast_head_json":{"title":"Donaciones - Fundaci\u00f3n Moroni","description":"La Fundaci\u00f3n Moroni es una entidad sin \u00e1nimo de lucro, que ayuda a personas con diferentes tipos de adicciones. Sus donaciones nos ayuda a volar m\u00e1s alto.","robots":{"index":"index","follow":"follow","max-snippet":"max-snippet:-1","max-image-preview":"max-image-preview:large","max-video-preview":"max-video-preview:-1"},"canonical":"https:\/\/fundacionmoroni.org\/web\/donaciones\/","og_locale":"en_US","og_type":"article","og_title":"Donaciones - Fundaci\u00f3n Moroni","og_description":"La Fundaci\u00f3n Moroni es una entidad sin \u00e1nimo de lucro, que ayuda a personas con diferentes tipos de adicciones. Sus donaciones nos ayuda a volar m\u00e1s alto.","og_url":"https:\/\/fundacionmoroni.org\/web\/donaciones\/","og_site_name":"Fundaci\u00f3n Moroni","article_modified_time":"2017-12-07T18:28:13+00:00","twitter_card":"summary_large_image","twitter_misc":{"Est. reading time":"1 minute"},"schema":{"@context":"https:\/\/schema.org","@graph":[{"@type":"WebPage","@id":"https:\/\/fundacionmoroni.org\/web\/donaciones\/","url":"https:\/\/fundacionmoroni.org\/web\/donaciones\/","name":"Donaciones - Fundaci\u00f3n Moroni","isPartOf":{"@id":"https:\/\/fundacionmoroni.org\/web\/#website"},"datePublished":"2015-01-11T00:50:08+00:00","dateModified":"2017-12-07T18:28:13+00:00","description":"La Fundaci\u00f3n Moroni es una entidad sin \u00e1nimo de lucro, que ayuda a personas con diferentes tipos de adicciones. Sus donaciones nos ayuda a volar m\u00e1s alto.","breadcrumb":{"@id":"https:\/\/fundacionmoroni.org\/web\/donaciones\/#breadcrumb"},"inLanguage":"en-US","potentialAction":[{"@type":"ReadAction","target":["https:\/\/fundacionmoroni.org\/web\/donaciones\/"]}]},{"@type":"BreadcrumbList","@id":"https:\/\/fundacionmoroni.org\/web\/donaciones\/#breadcrumb","itemListElement":[{"@type":"ListItem","position":1,"name":"Home","item":"https:\/\/fundacionmoroni.org\/web\/"},{"@type":"ListItem","position":2,"name":"Donaciones"}]},{"@type":"WebSite","@id":"https:\/\/fundacionmoroni.org\/web\/#website","url":"https:\/\/fundacionmoroni.org\/web\/","name":"Fundaci\u00f3n Moroni","description":"Porque la vida vale la pena vivirla y ser feliz","potentialAction":[{"@type":"SearchAction","target":{"@type":"EntryPoint","urlTemplate":"https:\/\/fundacionmoroni.org\/web\/?s={search_term_string}"},"query-input":{"@type":"PropertyValueSpecification","valueRequired":true,"valueName":"search_term_string"}}],"inLanguage":"en-US"}]}},"jetpack_sharing_enabled":true,"jetpack_shortlink":"https:\/\/wp.me\/P5ANil-1i","_links":{"self":[{"href":"https:\/\/fundacionmoroni.org\/web\/wp-json\/wp\/v2\/pages\/80","targetHints":{"allow":["GET"]}}],"collection":[{"href":"https:\/\/fundacionmoroni.org\/web\/wp-json\/wp\/v2\/pages"}],"about":[{"href":"https:\/\/fundacionmoroni.org\/web\/wp-json\/wp\/v2\/types\/page"}],"author":[{"embeddable":true,"href":"https:\/\/fundacionmoroni.org\/web\/wp-json\/wp\/v2\/users\/1"}],"replies":[{"embeddable":true,"href":"https:\/\/fundacionmoroni.org\/web\/wp-json\/wp\/v2\/comments?post=80"}],"version-history":[{"count":2,"href":"https:\/\/fundacionmoroni.org\/web\/wp-json\/wp\/v2\/pages\/80\/revisions"}],"predecessor-version":[{"id":239,"href":"https:\/\/fundacionmoroni.org\/web\/wp-json\/wp\/v2\/pages\/80\/revisions\/239"}],"wp:attachment":[{"href":"https:\/\/fundacionmoroni.org\/web\/wp-json\/wp\/v2\/media?parent=80"}],"curies":[{"name":"wp","href":"https:\/\/api.w.org\/{rel}","templated":true}]}}